{"id":5149,"date":"2024-11-19T06:04:35","date_gmt":"2024-11-19T05:04:35","guid":{"rendered":"https:\/\/signaturedinterieur.com\/?page_id=5149"},"modified":"2025-05-12T21:54:17","modified_gmt":"2025-05-12T19:54:17","slug":"signature-dinterieur","status":"publish","type":"page","link":"https:\/\/signaturedinterieur.com\/fr\/signature-dinterieur\/","title":{"rendered":"Signature d&rsquo;Int\u00e9rieur"},"content":{"rendered":"\t\t<div data-elementor-type=\"wp-page\" data-elementor-id=\"5149\" class=\"elementor elementor-5149\">\n\t\t\t\t\t\t<section class=\"elementor-section elementor-top-section elementor-element elementor-element-2d06113 elementor-section-full_width elementor-section-height-default elementor-section-height-default\" data-id=\"2d06113\" data-element_type=\"section\" data-e-type=\"section\">\n\t\t\t\t\t\t<div class=\"elementor-container elementor-column-gap-default\">\n\t\t\t\t\t<div class=\"elementor-column elementor-col-100 elementor-top-column elementor-element elementor-element-9a05875\" data-id=\"9a05875\" data-element_type=\"column\" data-e-type=\"column\" data-settings=\"{&quot;background_background&quot;:&quot;classic&quot;}\">\n\t\t\t<div class=\"elementor-widget-wrap elementor-element-populated\">\n\t\t\t\t\t<div class=\"elementor-background-overlay\"><\/div>\n\t\t\t\t\t\t<div class=\"elementor-element elementor-element-1b16b34 elementor-widget elementor-widget-heading\" data-id=\"1b16b34\" data-element_type=\"widget\" data-e-type=\"widget\" data-widget_type=\"heading.default\">\n\t\t\t\t<div class=\"elementor-widget-container\">\n\t\t\t\t\t<h2 class=\"elementor-heading-title elementor-size-default\">Votre Int\u00e9rieur m\u00e9rite, votre Signature<\/h2>\t\t\t\t<\/div>\n\t\t\t\t<\/div>\n\t\t\t\t\t<\/div>\n\t\t<\/div>\n\t\t\t\t\t<\/div>\n\t\t<\/section>\n\t\t\t\t<section class=\"elementor-section elementor-top-section elementor-element elementor-element-cb7b857 elementor-section-full_width elementor-section-height-default elementor-section-height-default\" data-id=\"cb7b857\" data-element_type=\"section\" data-e-type=\"section\">\n\t\t\t\t\t\t<div class=\"elementor-container elementor-column-gap-default\">\n\t\t\t\t\t<div class=\"elementor-column elementor-col-100 elementor-top-column elementor-element elementor-element-2bedb2b\" data-id=\"2bedb2b\" data-element_type=\"column\" data-e-type=\"column\">\n\t\t\t<div class=\"elementor-widget-wrap elementor-element-populated\">\n\t\t\t\t\t\t<div class=\"elementor-element elementor-element-626131b elementor-widget elementor-widget-text-editor\" data-id=\"626131b\" data-element_type=\"widget\" data-e-type=\"widget\" data-widget_type=\"text-editor.default\">\n\t\t\t\t<div class=\"elementor-widget-container\">\n\t\t\t\t\t\t\t\t\t<p class=\"p1\">Imaginez un lieu o\u00f9 chaque d\u00e9tail raconte une histoire.<\/p><p class=\"p1\">Un espace \u00e0 votre image, o\u00f9 l\u2019esth\u00e9tique et la fonctionnalit\u00e9 se conjuguent pour cr\u00e9er une harmonie parfaite.<\/p><p class=\"p1\">Chez Signature d&rsquo;Int\u00e9rieur, nous fa\u00e7onnons des univers sur mesure, pens\u00e9s pour enrichir votre quotidien. Chaque projet est con\u00e7u en collaboration avec des artisans locaux et des fabricants fran\u00e7ais et europ\u00e9ens, qui partagent notre passion pour l\u2019excellence et l\u2019authenticit\u00e9.<\/p><p class=\"p1\">Depuis plus de 10 ans, notre \u00e9quipe de cr\u00e9ateurs passionn\u00e9s met son expertise au service de projets uniques, r\u00e9alis\u00e9s avec des mat\u00e9riaux d\u2019exception et un savoir-faire incomparable.<\/p><p class=\"p1\">Que ce soit pour r\u00e9inventer un int\u00e9rieur r\u00e9sidentiel ou repenser un espace professionnel, nous cr\u00e9ons des lieux o\u00f9 beaut\u00e9, confort et durabilit\u00e9 se rencontrent. Nous croyons que chaque espace doit refl\u00e9ter la personnalit\u00e9 de ceux qui l\u2019occupent, \u00eatre un cadre qui inspire, apaise et enchante.<\/p><p class=\"p1\">Pr\u00eat \u00e0 d\u00e9couvrir notre vision du design ? Explorez <a href=\"https:\/\/signaturedinterieur.com\/nos-services\" data-wplink-url-error=\"true\"><b>nos services <\/b><\/a>et laissez-nous transformer vos r\u00eaves en r\u00e9alit\u00e9.<\/p>\t\t\t\t\t\t\t\t<\/div>\n\t\t\t\t<\/div>\n\t\t\t\t<div class=\"elementor-element elementor-element-b8a11d6 elementor-align-center elementor-widget elementor-widget-button\" data-id=\"b8a11d6\" data-element_type=\"widget\" data-e-type=\"widget\" data-widget_type=\"button.default\">\n\t\t\t\t<div class=\"elementor-widget-container\">\n\t\t\t\t\t\t\t\t\t<div class=\"elementor-button-wrapper\">\n\t\t\t\t\t<a class=\"elementor-button elementor-button-link elementor-size-sm\" href=\"https:\/\/signaturedinterieur.com\/nos-services\/\">\n\t\t\t\t\t\t<span class=\"elementor-button-content-wrapper\">\n\t\t\t\t\t\t<span class=\"elementor-button-icon\">\n\t\t\t\t<i aria-hidden=\"true\" class=\"fas fa-chevron-right\"><\/i>\t\t\t<\/span>\n\t\t\t\t\t\t\t\t\t<span class=\"elementor-button-text\">Nos services<\/span>\n\t\t\t\t\t<\/span>\n\t\t\t\t\t<\/a>\n\t\t\t\t<\/div>\n\t\t\t\t\t\t\t\t<\/div>\n\t\t\t\t<\/div>\n\t\t\t\t\t<\/div>\n\t\t<\/div>\n\t\t\t\t\t<\/div>\n\t\t<\/section>\n\t\t\t\t<\/div>\n\t\t","protected":false},"excerpt":{"rendered":"<p>Votre Int\u00e9rieur m\u00e9rite, votre Signature Imaginez un lieu o\u00f9 chaque d\u00e9tail raconte une histoire. Un espace \u00e0 votre image, o\u00f9 l\u2019esth\u00e9tique et la fonctionnalit\u00e9 se conjuguent pour cr\u00e9er une harmonie parfaite. Chez Signature d&rsquo;Int\u00e9rieur, nous fa\u00e7onnons des univers sur mesure, pens\u00e9s pour enrichir votre quotidien. Chaque projet est con\u00e7u en collaboration avec des artisans locaux [&hellip;]<\/p>\n","protected":false},"author":2,"featured_media":0,"parent":0,"menu_order":0,"comment_status":"closed","ping_status":"closed","template":"","meta":{"footnotes":""},"class_list":["post-5149","page","type-page","status-publish","hentry"],"aioseo_notices":[],"jetpack_sharing_enabled":true,"jetpack-related-posts":[],"_links":{"self":[{"href":"https:\/\/signaturedinterieur.com\/fr\/wp-json\/wp\/v2\/pages\/5149","targetHints":{"allow":["GET"]}}],"collection":[{"href":"https:\/\/signaturedinterieur.com\/fr\/wp-json\/wp\/v2\/pages"}],"about":[{"href":"https:\/\/signaturedinterieur.com\/fr\/wp-json\/wp\/v2\/types\/page"}],"author":[{"embeddable":true,"href":"https:\/\/signaturedinterieur.com\/fr\/wp-json\/wp\/v2\/users\/2"}],"replies":[{"embeddable":true,"href":"https:\/\/signaturedinterieur.com\/fr\/wp-json\/wp\/v2\/comments?post=5149"}],"version-history":[{"count":12,"href":"https:\/\/signaturedinterieur.com\/fr\/wp-json\/wp\/v2\/pages\/5149\/revisions"}],"predecessor-version":[{"id":5749,"href":"https:\/\/signaturedinterieur.com\/fr\/wp-json\/wp\/v2\/pages\/5149\/revisions\/5749"}],"wp:attachment":[{"href":"https:\/\/signaturedinterieur.com\/fr\/wp-json\/wp\/v2\/media?parent=5149"}],"curies":[{"name":"wp","href":"https:\/\/api.w.org\/{rel}","templated":true}]}}