{"id":4053,"date":"2021-11-09T22:01:54","date_gmt":"2021-11-09T21:01:54","guid":{"rendered":"https:\/\/signaturedinterieur.com\/?page_id=4053"},"modified":"2023-02-05T16:20:40","modified_gmt":"2023-02-05T15:20:40","slug":"morzine","status":"publish","type":"page","link":"https:\/\/signaturedinterieur.com\/fr\/morzine\/","title":{"rendered":"Morzine"},"content":{"rendered":"\t\t<div data-elementor-type=\"wp-page\" data-elementor-id=\"4053\" class=\"elementor elementor-4053\">\n\t\t\t\t\t\t<section class=\"elementor-section elementor-top-section elementor-element elementor-element-b043b2d elementor-section-boxed elementor-section-height-default elementor-section-height-default\" data-id=\"b043b2d\" data-element_type=\"section\" data-e-type=\"section\" data-settings=\"{&quot;background_background&quot;:&quot;classic&quot;}\">\n\t\t\t\t\t\t\t<div class=\"elementor-background-overlay\"><\/div>\n\t\t\t\t\t\t\t<div class=\"elementor-container elementor-column-gap-no\">\n\t\t\t\t\t<div class=\"elementor-column elementor-col-100 elementor-top-column elementor-element elementor-element-9dc07ac\" data-id=\"9dc07ac\" data-element_type=\"column\" data-e-type=\"column\">\n\t\t\t<div class=\"elementor-widget-wrap elementor-element-populated\">\n\t\t\t\t\t\t<div class=\"elementor-element elementor-element-4610aa3 elementor-widget elementor-widget-heading\" data-id=\"4610aa3\" data-element_type=\"widget\" data-e-type=\"widget\" data-widget_type=\"heading.default\">\n\t\t\t\t<div class=\"elementor-widget-container\">\n\t\t\t\t\t<h1 class=\"elementor-heading-title elementor-size-default\">Se rencontrer<\/h1>\t\t\t\t<\/div>\n\t\t\t\t<\/div>\n\t\t\t\t<div class=\"elementor-element elementor-element-45e3d6e elementor-widget elementor-widget-text-editor\" data-id=\"45e3d6e\" data-element_type=\"widget\" data-e-type=\"widget\" data-widget_type=\"text-editor.default\">\n\t\t\t\t<div class=\"elementor-widget-container\">\n\t\t\t\t\t\t\t\t\t<p>La confiance est un \u00e9l\u00e9ment majeur : avec elle, nous donnons vie \u00e0 vos projets.<\/p>\t\t\t\t\t\t\t\t<\/div>\n\t\t\t\t<\/div>\n\t\t\t\t<div class=\"elementor-element elementor-element-5fb6834 elementor-widget elementor-widget-spacer\" data-id=\"5fb6834\" data-element_type=\"widget\" data-e-type=\"widget\" data-widget_type=\"spacer.default\">\n\t\t\t\t<div class=\"elementor-widget-container\">\n\t\t\t\t\t\t\t<div class=\"elementor-spacer\">\n\t\t\t<div class=\"elementor-spacer-inner\"><\/div>\n\t\t<\/div>\n\t\t\t\t\t\t<\/div>\n\t\t\t\t<\/div>\n\t\t\t\t\t<\/div>\n\t\t<\/div>\n\t\t\t\t\t<\/div>\n\t\t<\/section>\n\t\t\t\t<section class=\"elementor-section elementor-top-section elementor-element elementor-element-1fd2d7a elementor-section-boxed elementor-section-height-default elementor-section-height-default\" data-id=\"1fd2d7a\" data-element_type=\"section\" data-e-type=\"section\">\n\t\t\t\t\t\t<div class=\"elementor-container elementor-column-gap-default\">\n\t\t\t\t\t<div class=\"elementor-column elementor-col-100 elementor-top-column elementor-element elementor-element-a8f08bb\" data-id=\"a8f08bb\" data-element_type=\"column\" data-e-type=\"column\">\n\t\t\t<div class=\"elementor-widget-wrap elementor-element-populated\">\n\t\t\t\t\t\t<div class=\"elementor-element elementor-element-62597de elementor-invisible elementor-widget elementor-widget-heading\" data-id=\"62597de\" data-element_type=\"widget\" data-e-type=\"widget\" data-settings=\"{&quot;_animation&quot;:&quot;fadeIn&quot;}\" data-widget_type=\"heading.default\">\n\t\t\t\t<div class=\"elementor-widget-container\">\n\t\t\t\t\t<span class=\"elementor-heading-title elementor-size-default\"><br>MORZINE<\/span>\t\t\t\t<\/div>\n\t\t\t\t<\/div>\n\t\t\t\t<div class=\"elementor-element elementor-element-977e523 elementor-widget elementor-widget-heading\" data-id=\"977e523\" data-element_type=\"widget\" data-e-type=\"widget\" data-widget_type=\"heading.default\">\n\t\t\t\t<div class=\"elementor-widget-container\">\n\t\t\t\t\t<h2 class=\"elementor-heading-title elementor-size-xl\">MORZINE<\/h2>\t\t\t\t<\/div>\n\t\t\t\t<\/div>\n\t\t\t\t\t<\/div>\n\t\t<\/div>\n\t\t\t\t\t<\/div>\n\t\t<\/section>\n\t\t\t\t<section class=\"elementor-section elementor-top-section elementor-element elementor-element-ca66b7f elementor-section-boxed elementor-section-height-default elementor-section-height-default\" data-id=\"ca66b7f\" data-element_type=\"section\" data-e-type=\"section\">\n\t\t\t\t\t\t<div class=\"elementor-container elementor-column-gap-no\">\n\t\t\t\t\t<div class=\"elementor-column elementor-col-50 elementor-top-column elementor-element elementor-element-f2752a4\" data-id=\"f2752a4\" data-element_type=\"column\" data-e-type=\"column\">\n\t\t\t<div class=\"elementor-widget-wrap elementor-element-populated\">\n\t\t\t\t\t\t<div class=\"elementor-element elementor-element-2b142fc elementor-widget elementor-widget-heading\" data-id=\"2b142fc\" data-element_type=\"widget\" data-e-type=\"widget\" data-widget_type=\"heading.default\">\n\t\t\t\t<div class=\"elementor-widget-container\">\n\t\t\t\t\t<h2 class=\"elementor-heading-title elementor-size-default\">Discutons de vos projets <\/h2>\t\t\t\t<\/div>\n\t\t\t\t<\/div>\n\t\t\t\t<div class=\"elementor-element elementor-element-587afe5 elementor-widget elementor-widget-text-editor\" data-id=\"587afe5\" data-element_type=\"widget\" data-e-type=\"widget\" data-widget_type=\"text-editor.default\">\n\t\t\t\t<div class=\"elementor-widget-container\">\n\t\t\t\t\t\t\t\t\t<p style=\"text-align: left;\">Le Showroom de Morzine vous accueille :<\/p><p style=\"text-align: left;\">&#8211; <strong>Saison<\/strong> :<\/p><ul style=\"text-align: left;\"><li><strong>Lundi<\/strong> sur rendez-vous<\/li><li><strong>Mardi<\/strong>, <strong>Mercredi<\/strong>, <strong>Jeudi<\/strong>, <strong>Vendredi<\/strong>, <strong>Samedi<\/strong> :<br \/>10h \/ 12h &#8211; 15h \/ 18h30<\/li><\/ul><p style=\"text-align: left;\">\u00a0&#8211; <strong>Intersaison<\/strong> :<\/p><ul><li style=\"text-align: left;\"><strong>Lundi<\/strong> ferm\u00e9<\/li><li style=\"text-align: left;\"><strong>Mardi<\/strong>, <strong>Mercredi<\/strong> et <strong>Vendredi<\/strong> :<br \/>10h \/ 12h &#8211; 15h \/ 18h<\/li><li style=\"text-align: left;\"><strong>Jeudi<\/strong> et <strong>Samedi<\/strong> sur rendez-vous<\/li><\/ul>\t\t\t\t\t\t\t\t<\/div>\n\t\t\t\t<\/div>\n\t\t\t\t<div class=\"elementor-element elementor-element-36a7766 elementor-widget elementor-widget-heading\" data-id=\"36a7766\" data-element_type=\"widget\" data-e-type=\"widget\" data-widget_type=\"heading.default\">\n\t\t\t\t<div class=\"elementor-widget-container\">\n\t\t\t\t\t<h2 class=\"elementor-heading-title elementor-size-default\"><b>INFORMATIONS<\/h2>\t\t\t\t<\/div>\n\t\t\t\t<\/div>\n\t\t\t\t<div class=\"elementor-element elementor-element-2f8f5b7 elementor-mobile-align-left elementor-invisible elementor-widget elementor-widget-button\" data-id=\"2f8f5b7\" data-element_type=\"widget\" data-e-type=\"widget\" data-settings=\"{&quot;_animation&quot;:&quot;fadeInDown&quot;}\" data-widget_type=\"button.default\">\n\t\t\t\t<div class=\"elementor-widget-container\">\n\t\t\t\t\t\t\t\t\t<div class=\"elementor-button-wrapper\">\n\t\t\t\t\t<a class=\"elementor-button elementor-button-link elementor-size-md\" href=\"https:\/\/www.google.com\/search?q=signature%20d%27int%C3%A9rieur%20morzine&#038;rlz=1C1PRFI_enFR782FR782&#038;sxsrf=ALeKk00EUQvRV6A8yE3qXWJzFJYJ_o5aIw:1617092310718&#038;ei=yt5iYPWJK9CIad-Tr1A&#038;oq=signature+d%27int%C3%A9rieur+morzine&#038;gs_lcp=Cgdnd3Mtd2l6EAMyBggAEBYQHjICCCY6BwgAEEcQsANQqj1Y4ERglUZoAXACeACAAYcCiAHBB5IBBTcuMS4xmAEAoAEBqgEHZ3dzLXdpesgBBcABAQ&#038;sclient=gws-wiz&#038;ved=2ahUKEwjP7_6lytfvAhUvx4UKHa3rCwMQvS4wAHoECAQQHA&#038;uact=5&#038;tbs=lrf:!1m4!1u3!2m2!3m1!1e1!2m1!1e3!3sIAE,lf:1,lf_ui:14&#038;tbm=lcl&#038;rflfq=1&#038;num=10&#038;rldimm=11181003963682747895&#038;lqi=Ch5zaWduYXR1cmUgZCdpbnTDqXJpZXVyIG1vcnppbmVaOAoWc2lnbmF0dXJlIGQgaW50w6lyaWV1ciIec2lnbmF0dXJlIGQgaW50w6lyaWV1ciBtb3J6aW5legdNb3J6aW5lkgERaW50ZXJpb3JfZGVzaWduZXKqAR4QASoaIhZzaWduYXR1cmUgZCBpbnTDqXJpZXVyKAQ&#038;rlst=f#rlfi=hd:;si:11181003963682747895,l,Ch5zaWduYXR1cmUgZCdpbnTDqXJpZXVyIG1vcnppbmVaOAoWc2lnbmF0dXJlIGQgaW50w6lyaWV1ciIec2lnbmF0dXJlIGQgaW50w6lyaWV1ciBtb3J6aW5legdNb3J6aW5lkgERaW50ZXJpb3JfZGVzaWduZXKqAR4QASoaIhZzaWduYXR1cmUgZCBpbnTDqXJpZXVyKAQ;mv:%5B%5B46.1852484,6.712295%5D,%5B46.102553799999995,6.584249300000001%5D%5D;tbs:lrf:!1m4!1u3!2m2!3m1!1e1!2m1!1e3!3sIAE,lf:1,lf_ui:14\" target=\"_blank\">\n\t\t\t\t\t\t<span class=\"elementor-button-content-wrapper\">\n\t\t\t\t\t\t<span class=\"elementor-button-icon\">\n\t\t\t\t<i aria-hidden=\"true\" class=\"fas fa-map-marker-alt\"><\/i>\t\t\t<\/span>\n\t\t\t\t\t\t\t\t\t<span class=\"elementor-button-text\">363 Rue Du Bourg, Morzine, 74110<\/span>\n\t\t\t\t\t<\/span>\n\t\t\t\t\t<\/a>\n\t\t\t\t<\/div>\n\t\t\t\t\t\t\t\t<\/div>\n\t\t\t\t<\/div>\n\t\t\t\t<div class=\"elementor-element elementor-element-298e690 elementor-invisible elementor-widget elementor-widget-button\" data-id=\"298e690\" data-element_type=\"widget\" data-e-type=\"widget\" data-settings=\"{&quot;_animation&quot;:&quot;fadeInDown&quot;}\" data-widget_type=\"button.default\">\n\t\t\t\t<div class=\"elementor-widget-container\">\n\t\t\t\t\t\t\t\t\t<div class=\"elementor-button-wrapper\">\n\t\t\t\t\t<a class=\"elementor-button elementor-button-link elementor-size-md\" href=\"tel:+33450842515\" target=\"_blank\">\n\t\t\t\t\t\t<span class=\"elementor-button-content-wrapper\">\n\t\t\t\t\t\t<span class=\"elementor-button-icon\">\n\t\t\t\t<i aria-hidden=\"true\" class=\"fas fa-phone\"><\/i>\t\t\t<\/span>\n\t\t\t\t\t\t\t\t\t<span class=\"elementor-button-text\">+33 4 50 84 25 15<\/span>\n\t\t\t\t\t<\/span>\n\t\t\t\t\t<\/a>\n\t\t\t\t<\/div>\n\t\t\t\t\t\t\t\t<\/div>\n\t\t\t\t<\/div>\n\t\t\t\t<div class=\"elementor-element elementor-element-bcc0acc elementor-mobile-align-left elementor-invisible elementor-widget elementor-widget-button\" data-id=\"bcc0acc\" data-element_type=\"widget\" data-e-type=\"widget\" data-settings=\"{&quot;_animation&quot;:&quot;fadeInDown&quot;}\" data-widget_type=\"button.default\">\n\t\t\t\t<div class=\"elementor-widget-container\">\n\t\t\t\t\t\t\t\t\t<div class=\"elementor-button-wrapper\">\n\t\t\t\t\t<a class=\"elementor-button elementor-button-link elementor-size-md\" href=\"mailto:morzine@signaturedinterieur.com\" target=\"_blank\">\n\t\t\t\t\t\t<span class=\"elementor-button-content-wrapper\">\n\t\t\t\t\t\t<span class=\"elementor-button-icon\">\n\t\t\t\t<i aria-hidden=\"true\" class=\"fas fa-envelope\"><\/i>\t\t\t<\/span>\n\t\t\t\t\t\t\t\t\t<span class=\"elementor-button-text\">morzine@signaturedinterieur.com<\/span>\n\t\t\t\t\t<\/span>\n\t\t\t\t\t<\/a>\n\t\t\t\t<\/div>\n\t\t\t\t\t\t\t\t<\/div>\n\t\t\t\t<\/div>\n\t\t\t\t<div class=\"elementor-element elementor-element-184a886 elementor-widget elementor-widget-spacer\" data-id=\"184a886\" data-element_type=\"widget\" data-e-type=\"widget\" data-widget_type=\"spacer.default\">\n\t\t\t\t<div class=\"elementor-widget-container\">\n\t\t\t\t\t\t\t<div class=\"elementor-spacer\">\n\t\t\t<div class=\"elementor-spacer-inner\"><\/div>\n\t\t<\/div>\n\t\t\t\t\t\t<\/div>\n\t\t\t\t<\/div>\n\t\t\t\t<div class=\"elementor-element elementor-element-19e8fe8 elementor-widget elementor-widget-text-editor\" data-id=\"19e8fe8\" data-element_type=\"widget\" data-e-type=\"widget\" data-widget_type=\"text-editor.default\">\n\t\t\t\t<div class=\"elementor-widget-container\">\n\t\t\t\t\t\t\t\t\t<p>Service marketing :<\/p>\t\t\t\t\t\t\t\t<\/div>\n\t\t\t\t<\/div>\n\t\t\t\t<div class=\"elementor-element elementor-element-91f2760 elementor-invisible elementor-widget elementor-widget-button\" data-id=\"91f2760\" data-element_type=\"widget\" data-e-type=\"widget\" data-settings=\"{&quot;_animation&quot;:&quot;fadeInDown&quot;}\" data-widget_type=\"button.default\">\n\t\t\t\t<div class=\"elementor-widget-container\">\n\t\t\t\t\t\t\t\t\t<div class=\"elementor-button-wrapper\">\n\t\t\t\t\t<a class=\"elementor-button elementor-button-link elementor-size-md\" href=\"mailto:marketing@signaturedinterieur.com\" target=\"_blank\">\n\t\t\t\t\t\t<span class=\"elementor-button-content-wrapper\">\n\t\t\t\t\t\t<span class=\"elementor-button-icon\">\n\t\t\t\t<i aria-hidden=\"true\" class=\"fas fa-envelope\"><\/i>\t\t\t<\/span>\n\t\t\t\t\t\t\t\t\t<span class=\"elementor-button-text\">marketing@signaturedinterieur.com<\/span>\n\t\t\t\t\t<\/span>\n\t\t\t\t\t<\/a>\n\t\t\t\t<\/div>\n\t\t\t\t\t\t\t\t<\/div>\n\t\t\t\t<\/div>\n\t\t\t\t\t<\/div>\n\t\t<\/div>\n\t\t\t\t<div class=\"elementor-column elementor-col-50 elementor-top-column elementor-element elementor-element-146df5b\" data-id=\"146df5b\" data-element_type=\"column\" data-e-type=\"column\">\n\t\t\t<div class=\"elementor-widget-wrap elementor-element-populated\">\n\t\t\t\t\t\t<div class=\"elementor-element elementor-element-bb49d4b elementor-widget elementor-widget-heading\" data-id=\"bb49d4b\" data-element_type=\"widget\" data-e-type=\"widget\" data-widget_type=\"heading.default\">\n\t\t\t\t<div class=\"elementor-widget-container\">\n\t\t\t\t\t<h2 class=\"elementor-heading-title elementor-size-default\"><b>Prendre rendez-vous avec votre agenceur \nd\u00e9corateur<\/h2>\t\t\t\t<\/div>\n\t\t\t\t<\/div>\n\t\t\t\t<div class=\"elementor-element elementor-element-c721a0b elementor-widget elementor-widget-shortcode\" data-id=\"c721a0b\" data-element_type=\"widget\" data-e-type=\"widget\" data-widget_type=\"shortcode.default\">\n\t\t\t\t<div class=\"elementor-widget-container\">\n\t\t\t\t\t\t\t<div class=\"elementor-shortcode\">[wpforms id=\"4065\"]<\/div>\n\t\t\t\t\t\t<\/div>\n\t\t\t\t<\/div>\n\t\t\t\t\t<\/div>\n\t\t<\/div>\n\t\t\t\t\t<\/div>\n\t\t<\/section>\n\t\t\t\t<\/div>\n\t\t","protected":false},"excerpt":{"rendered":"<p>Se rencontrer La confiance est un \u00e9l\u00e9ment majeur : avec elle, nous donnons vie \u00e0 vos projets. MORZINE MORZINE Discutons de vos projets Le Showroom de Morzine vous accueille : &#8211; Saison : Lundi sur rendez-vous Mardi, Mercredi, Jeudi, Vendredi, Samedi :10h \/ 12h &#8211; 15h \/ 18h30 \u00a0&#8211; Intersaison : Lundi ferm\u00e9 Mardi, Mercredi [&hellip;]<\/p>\n","protected":false},"author":2,"featured_media":0,"parent":0,"menu_order":0,"comment_status":"closed","ping_status":"closed","template":"","meta":{"footnotes":""},"class_list":["post-4053","page","type-page","status-publish","hentry"],"aioseo_notices":[],"jetpack_sharing_enabled":true,"jetpack-related-posts":[],"_links":{"self":[{"href":"https:\/\/signaturedinterieur.com\/fr\/wp-json\/wp\/v2\/pages\/4053","targetHints":{"allow":["GET"]}}],"collection":[{"href":"https:\/\/signaturedinterieur.com\/fr\/wp-json\/wp\/v2\/pages"}],"about":[{"href":"https:\/\/signaturedinterieur.com\/fr\/wp-json\/wp\/v2\/types\/page"}],"author":[{"embeddable":true,"href":"https:\/\/signaturedinterieur.com\/fr\/wp-json\/wp\/v2\/users\/2"}],"replies":[{"embeddable":true,"href":"https:\/\/signaturedinterieur.com\/fr\/wp-json\/wp\/v2\/comments?post=4053"}],"version-history":[{"count":0,"href":"https:\/\/signaturedinterieur.com\/fr\/wp-json\/wp\/v2\/pages\/4053\/revisions"}],"wp:attachment":[{"href":"https:\/\/signaturedinterieur.com\/fr\/wp-json\/wp\/v2\/media?parent=4053"}],"curies":[{"name":"wp","href":"https:\/\/api.w.org\/{rel}","templated":true}]}}